{"id":11,"date":"2014-01-03T15:26:15","date_gmt":"2014-01-03T13:26:15","guid":{"rendered":"http:\/\/dinet.ch\/html\/cms\/?page_id=11"},"modified":"2014-12-29T11:59:16","modified_gmt":"2014-12-29T09:59:16","slug":"strategisches-instrument","status":"publish","type":"page","link":"https:\/\/dinet.ch\/html\/cms\/?page_id=11","title":{"rendered":"Strategisches Instrument"},"content":{"rendered":"<p>Telemarketing gewinnt in Zukunft immer mehr an Bedeutung. Denn es ist ein schnelles, flexibles sowie schlagkr\u00e4ftiges Marketing- und Verkaufsinstrument, welches den hohen Anforderungen der rasanten Marktentwicklung vollumf\u00e4nglich gewachsen ist.<\/p>\n<p><strong>Entlastung der Vertriebsmitarbeiter<\/strong><br \/>\nDas Telemarketing nimmt der Vertriebsabteilung einen grossen Teil der Pre-Sales-Aktivit\u00e4ten ab. Dadurch k\u00f6nnen sich hochqualifizierte Vertriebsmitarbeiter voll auf das Kerngesch\u00e4ft konzentrieren.<\/p>\n<p><strong>Unterst\u00fctzung f\u00fcr den Vertrieb<\/strong><br \/>\nTelefonmarketing erlaubt, mittels effizienter Dialogkonzepte am Telefon, den gesamten Vertrieb wirksamer und flexibler zu gestalten. Schon im Vorfeld kann u.a. durch exaktes Database-Management genau analysiert werden, ob der n\u00e4chste Kundenbesuch Erfolg verspricht.<\/p>\n<p><strong>Aufbau der Interessentenzielgruppe<\/strong><br \/>\nBeim Telemarketing geht es um den Aufbau neuer Interessenten mit dem Resultat von dauerhaften Gesch\u00e4ftsbeziehungen. Telemarketing muss mit System betrieben werden und braucht Zeit, Kontunit\u00e4t, Disziplin und eine optimale Vorbereitung.<br \/>\nDurch Investitionen in das Telemarketing k\u00f6nnen Sie Ihren Umsatz erheblich steigern<\/p>\n","protected":false},"excerpt":{"rendered":"<p>Telemarketing gewinnt in Zukunft immer mehr an Bedeutung. Denn es ist ein schnelles, flexibles sowie schlagkr\u00e4ftiges Marketing- und Verkaufsinstrument, welches den hohen Anforderungen der rasanten Marktentwicklung vollumf\u00e4nglich gewachsen ist. Entlastung der Vertriebsmitarbeiter Das Telemarketing nimmt der Vertriebsabteilung einen grossen Teil&hellip; <\/p>\n","protected":false},"author":1,"featured_media":0,"parent":0,"menu_order":0,"comment_status":"closed","ping_status":"closed","template":"","meta":{"footnotes":""},"class_list":["post-11","page","type-page","status-publish","hentry"],"_links":{"self":[{"href":"https:\/\/dinet.ch\/html\/cms\/index.php?rest_route=\/wp\/v2\/pages\/11","targetHints":{"allow":["GET"]}}],"collection":[{"href":"https:\/\/dinet.ch\/html\/cms\/index.php?rest_route=\/wp\/v2\/pages"}],"about":[{"href":"https:\/\/dinet.ch\/html\/cms\/index.php?rest_route=\/wp\/v2\/types\/page"}],"author":[{"embeddable":true,"href":"https:\/\/dinet.ch\/html\/cms\/index.php?rest_route=\/wp\/v2\/users\/1"}],"replies":[{"embeddable":true,"href":"https:\/\/dinet.ch\/html\/cms\/index.php?rest_route=%2Fwp%2Fv2%2Fcomments&post=11"}],"version-history":[{"count":3,"href":"https:\/\/dinet.ch\/html\/cms\/index.php?rest_route=\/wp\/v2\/pages\/11\/revisions"}],"predecessor-version":[{"id":93,"href":"https:\/\/dinet.ch\/html\/cms\/index.php?rest_route=\/wp\/v2\/pages\/11\/revisions\/93"}],"wp:attachment":[{"href":"https:\/\/dinet.ch\/html\/cms\/index.php?rest_route=%2Fwp%2Fv2%2Fmedia&parent=11"}],"curies":[{"name":"wp","href":"https:\/\/api.w.org\/{rel}","templated":true}]}}