{"id":13,"date":"2014-01-03T15:27:48","date_gmt":"2014-01-03T13:27:48","guid":{"rendered":"http:\/\/dinet.ch\/html\/cms\/?page_id=13"},"modified":"2014-12-29T11:59:08","modified_gmt":"2014-12-29T09:59:08","slug":"was-ist-telemarketing","status":"publish","type":"page","link":"https:\/\/dinet.ch\/html\/cms\/?page_id=13","title":{"rendered":"Was ist Telemarketing?"},"content":{"rendered":"<p>Informationen, welche Kaufentscheidungen beeinflussen, beschafft sich der Kunde in zunehmenden Masse \u00fcber das Telefon. Mit einem professionellen Telemarketing verf\u00fcgt das Unternehmen \u00fcber ein ideales Instrument, um aktiv Interessentenkontakte zu kn\u00fcpfen.<\/p>\n<p><strong>Erh\u00f6hung der Interessentenkontakte<\/strong><br \/>\n\u00dcber das Telemarketing erreichen wir sofort einen kompetenten Gespr\u00e4chspartner. Ein Service, den der Kunde sch\u00e4tzt. Aber auch ein entscheidender Vorteil f\u00fcr Marketing und Vertrieb, sich positiv von Mitbewerbern abzuheben. Wer am Telefon verbindliche, positive L\u00f6sungen anbietet, gewinnt. Eine anschliessende systematische Erfassung und Auswertung des Vorganges gibt nicht nur Aufschluss \u00fcber den Zustand der Zielgruppe, sondern auch wichtige Anhaltspunkte f\u00fcr die Schwachstellenanalyse zur konkreten Verbesserung von Produkten und Dienstleistungen.<\/p>\n<p><strong>Einige Vorteile des Telemarketing f\u00fcr das Unternehmen im Marketing und Vertrieb<\/strong><\/p>\n<ul>\n<li>Steigerung des Bekanntheitsgrades Ihres Unternehmens<\/li>\n<li>Name, Position\/Funktion Ihres verantwortlichen Ansprechpartners<\/li>\n<li>Sie erhalten sofort aktuelle und verwendbare Informationen aus erster Hand<\/li>\n<li>Informationen \u00fcber geplante Projekte und deren Umfang<\/li>\n<li>Vereinbarung \u00fcber die weitere Vorgehensweise&#8230; usw.<\/li>\n<li>Kosteneinsparungen im Personalbereich<\/li>\n<li>Optimale Betreuung im After-Sales-Bereich<\/li>\n<\/ul>\n","protected":false},"excerpt":{"rendered":"<p>Informationen, welche Kaufentscheidungen beeinflussen, beschafft sich der Kunde in zunehmenden Masse \u00fcber das Telefon. Mit einem professionellen Telemarketing verf\u00fcgt das Unternehmen \u00fcber ein ideales Instrument, um aktiv Interessentenkontakte zu kn\u00fcpfen. Erh\u00f6hung der Interessentenkontakte \u00dcber das Telemarketing erreichen wir sofort einen&hellip; <\/p>\n","protected":false},"author":1,"featured_media":0,"parent":0,"menu_order":0,"comment_status":"closed","ping_status":"closed","template":"","meta":{"footnotes":""},"class_list":["post-13","page","type-page","status-publish","hentry"],"_links":{"self":[{"href":"https:\/\/dinet.ch\/html\/cms\/index.php?rest_route=\/wp\/v2\/pages\/13","targetHints":{"allow":["GET"]}}],"collection":[{"href":"https:\/\/dinet.ch\/html\/cms\/index.php?rest_route=\/wp\/v2\/pages"}],"about":[{"href":"https:\/\/dinet.ch\/html\/cms\/index.php?rest_route=\/wp\/v2\/types\/page"}],"author":[{"embeddable":true,"href":"https:\/\/dinet.ch\/html\/cms\/index.php?rest_route=\/wp\/v2\/users\/1"}],"replies":[{"embeddable":true,"href":"https:\/\/dinet.ch\/html\/cms\/index.php?rest_route=%2Fwp%2Fv2%2Fcomments&post=13"}],"version-history":[{"count":2,"href":"https:\/\/dinet.ch\/html\/cms\/index.php?rest_route=\/wp\/v2\/pages\/13\/revisions"}],"predecessor-version":[{"id":90,"href":"https:\/\/dinet.ch\/html\/cms\/index.php?rest_route=\/wp\/v2\/pages\/13\/revisions\/90"}],"wp:attachment":[{"href":"https:\/\/dinet.ch\/html\/cms\/index.php?rest_route=%2Fwp%2Fv2%2Fmedia&parent=13"}],"curies":[{"name":"wp","href":"https:\/\/api.w.org\/{rel}","templated":true}]}}