{"id":15,"date":"2014-01-03T15:28:45","date_gmt":"2014-01-03T13:28:45","guid":{"rendered":"http:\/\/dinet.ch\/html\/cms\/?page_id=15"},"modified":"2014-12-29T11:59:02","modified_gmt":"2014-12-29T09:59:02","slug":"wer-braucht-telemarketing","status":"publish","type":"page","link":"https:\/\/dinet.ch\/html\/cms\/?page_id=15","title":{"rendered":"Wer braucht Telemarketing?"},"content":{"rendered":"<p>Telemarketing macht grunds\u00e4tzlich in jedem Unternehmen, wenn es einen Absatzmarkt hat, Sinn. Dies ungeachtet seiner Branchenzugeh\u00f6rigkeit und Betriebsgr\u00f6sse. Das Telemarketing bewirkt eine zielgruppenorientierte und effiziente Verkaufsorganisation, welche auf Dauer erheblich Kosten senkend wirkt.<\/p>\n<p><strong>Unternehmen, die im Business-to-Business-Gesch\u00e4ft t\u00e4tig sind<\/strong><br \/>\nGerade f\u00fcr diese Unternehmen lohnt sich das Telemarketing. Der klassische Aussendienst steht heute durch den grossen Margen-Verfall stark unter Druck. Ein spezialisiertes Telemarketing-Team kann den klassischen Vertrieb, mittels qualifizierter Betreuung der Business-to-Business-Zielgruppe am Telefon, erheblich entlasten.<\/p>\n<p><strong>Unternehmen, die viel \u00fcber ihre Zielgruppen wissen m\u00f6chten<\/strong><br \/>\nJe detaillierter die gespeicherten Daten eines Unternehmens \u00fcber seine Zielgruppen sind, desto produktiver kann am Telefon agiert werden. \u00dcber das Telefon kann das Unternehmen zus\u00e4tzliche Informationen \u00fcber Interessenten gewinnen. Klar umrissene Zielgruppen sind der Schl\u00fcssel zur bedarfsgerechten Produkteplanung, zur massgeschneiderten Serviceleistung und zur erfolgreichen Werbeaktion<\/p>\n","protected":false},"excerpt":{"rendered":"<p>Telemarketing macht grunds\u00e4tzlich in jedem Unternehmen, wenn es einen Absatzmarkt hat, Sinn. Dies ungeachtet seiner Branchenzugeh\u00f6rigkeit und Betriebsgr\u00f6sse. Das Telemarketing bewirkt eine zielgruppenorientierte und effiziente Verkaufsorganisation, welche auf Dauer erheblich Kosten senkend wirkt. Unternehmen, die im Business-to-Business-Gesch\u00e4ft t\u00e4tig sind Gerade&hellip; <\/p>\n","protected":false},"author":1,"featured_media":0,"parent":13,"menu_order":3,"comment_status":"closed","ping_status":"closed","template":"","meta":{"footnotes":""},"class_list":["post-15","page","type-page","status-publish","hentry"],"_links":{"self":[{"href":"https:\/\/dinet.ch\/html\/cms\/index.php?rest_route=\/wp\/v2\/pages\/15","targetHints":{"allow":["GET"]}}],"collection":[{"href":"https:\/\/dinet.ch\/html\/cms\/index.php?rest_route=\/wp\/v2\/pages"}],"about":[{"href":"https:\/\/dinet.ch\/html\/cms\/index.php?rest_route=\/wp\/v2\/types\/page"}],"author":[{"embeddable":true,"href":"https:\/\/dinet.ch\/html\/cms\/index.php?rest_route=\/wp\/v2\/users\/1"}],"replies":[{"embeddable":true,"href":"https:\/\/dinet.ch\/html\/cms\/index.php?rest_route=%2Fwp%2Fv2%2Fcomments&post=15"}],"version-history":[{"count":2,"href":"https:\/\/dinet.ch\/html\/cms\/index.php?rest_route=\/wp\/v2\/pages\/15\/revisions"}],"predecessor-version":[{"id":91,"href":"https:\/\/dinet.ch\/html\/cms\/index.php?rest_route=\/wp\/v2\/pages\/15\/revisions\/91"}],"up":[{"embeddable":true,"href":"https:\/\/dinet.ch\/html\/cms\/index.php?rest_route=\/wp\/v2\/pages\/13"}],"wp:attachment":[{"href":"https:\/\/dinet.ch\/html\/cms\/index.php?rest_route=%2Fwp%2Fv2%2Fmedia&parent=15"}],"curies":[{"name":"wp","href":"https:\/\/api.w.org\/{rel}","templated":true}]}}