{"id":2,"date":"2014-01-03T13:08:21","date_gmt":"2014-01-03T11:08:21","guid":{"rendered":"http:\/\/dinet.ch\/html\/cms\/?page_id=2"},"modified":"2014-12-29T11:59:29","modified_gmt":"2014-12-29T09:59:29","slug":"beispiel-seite","status":"publish","type":"page","link":"https:\/\/dinet.ch\/html\/cms\/","title":{"rendered":"Home"},"content":{"rendered":"<p><span style=\"line-height: 1.5em;\">Sie suchen einen Partner, der Ihre erkl\u00e4rungsbed\u00fcrftigen IT-Produkte und Dienstleistungen nachhaltig am Markt platziert?<\/span><\/p>\n<p>Sie wollen eine wirkungsvolle Unterst\u00fctzung Ihres Vertriebs und zielgruppengerechtes Telemarketing.<\/p>\n<p>Wir unterst\u00fctzen Sie qualitativ und zielgerichtet bei der Neukundengewinnung durch Telemarketing im Gesch\u00e4ftskundenumfeld.<\/p>\n<p>Wir besitzen auch profundes IT-Wissen und kennen uns bestens in der Informatik-Branche aus. Der Fokus unserer Dienstleistungen liegt seit \u00fcber 10 Jahren im IT-Bereich.<\/p>\n","protected":false},"excerpt":{"rendered":"<p>Sie suchen einen Partner, der Ihre erkl\u00e4rungsbed\u00fcrftigen IT-Produkte und Dienstleistungen nachhaltig am Markt platziert? Sie wollen eine wirkungsvolle Unterst\u00fctzung Ihres Vertriebs und zielgruppengerechtes Telemarketing. Wir unterst\u00fctzen Sie qualitativ und zielgerichtet bei der Neukundengewinnung durch Telemarketing im Gesch\u00e4ftskundenumfeld. Wir besitzen auch&hellip; <\/p>\n","protected":false},"author":1,"featured_media":0,"parent":0,"menu_order":0,"comment_status":"closed","ping_status":"closed","template":"","meta":{"footnotes":""},"class_list":["post-2","page","type-page","status-publish","hentry"],"_links":{"self":[{"href":"https:\/\/dinet.ch\/html\/cms\/index.php?rest_route=\/wp\/v2\/pages\/2","targetHints":{"allow":["GET"]}}],"collection":[{"href":"https:\/\/dinet.ch\/html\/cms\/index.php?rest_route=\/wp\/v2\/pages"}],"about":[{"href":"https:\/\/dinet.ch\/html\/cms\/index.php?rest_route=\/wp\/v2\/types\/page"}],"author":[{"embeddable":true,"href":"https:\/\/dinet.ch\/html\/cms\/index.php?rest_route=\/wp\/v2\/users\/1"}],"replies":[{"embeddable":true,"href":"https:\/\/dinet.ch\/html\/cms\/index.php?rest_route=%2Fwp%2Fv2%2Fcomments&post=2"}],"version-history":[{"count":13,"href":"https:\/\/dinet.ch\/html\/cms\/index.php?rest_route=\/wp\/v2\/pages\/2\/revisions"}],"predecessor-version":[{"id":88,"href":"https:\/\/dinet.ch\/html\/cms\/index.php?rest_route=\/wp\/v2\/pages\/2\/revisions\/88"}],"wp:attachment":[{"href":"https:\/\/dinet.ch\/html\/cms\/index.php?rest_route=%2Fwp%2Fv2%2Fmedia&parent=2"}],"curies":[{"name":"wp","href":"https:\/\/api.w.org\/{rel}","templated":true}]}}